{"id":139,"date":"2018-04-21T14:46:01","date_gmt":"2018-04-21T14:46:01","guid":{"rendered":"http:\/\/djbartazsolt.hu\/?page_id=139"},"modified":"2020-12-29T12:40:06","modified_gmt":"2020-12-29T12:40:06","slug":"partnerek","status":"publish","type":"page","link":"https:\/\/djbartazsolt.hu\/?page_id=139","title":{"rendered":"Partnerek"},"content":{"rendered":"<h1><strong>Partnerek<\/strong><\/h1>\n<h3><strong>T\u00e1rhely szolg\u00e1ltat\u00f3:<\/strong><\/h3>\n<p><a href=\"https:\/\/nshosting.hu\/\" target=\"_blank\" rel=\"noopener noreferrer\">https:\/\/nshosting.hu<\/a><\/p>\n<h3><strong>Sz\u00e1ll\u00e1shelyek, \u00e9ttermek:<\/strong><\/h3>\n<p><a href=\"https:\/\/bambara.hu\/hu\" target=\"_blank\" rel=\"noopener noreferrer\">https:\/\/bambara.hu\/hu<\/a><\/p>\n<p><a href=\"https:\/\/shiraz.hu\/hu\" target=\"_blank\" rel=\"noopener noreferrer\">https:\/\/shiraz.hu\/hu<\/a><\/p>\n<p><a href=\"http:\/\/padrinopizza.hu\/\" target=\"_blank\" rel=\"noopener noreferrer\">http:\/\/padrinopizza.hu\/<\/a><\/p>\n<p><a href=\"http:\/\/www.imolaplatan.hu\/hotel.html\" target=\"_blank\" rel=\"noopener noreferrer\">http:\/\/www.imolaplatan.hu\/hotel.html<\/a><\/p>\n<p><a href=\"http:\/\/hotelegerpark.hu\/web\/\" target=\"_blank\" rel=\"noopener noreferrer\">http:\/\/hotelegerpark.hu\/web\/<\/a><\/p>\n<p><a href=\"http:\/\/m.salirisresort.hu\/\" target=\"_blank\" rel=\"noopener noreferrer\">http:\/\/m.salirisresort.hu\/<\/a><\/p>\n<p><a href=\"https:\/\/hotelvillavolgy.hu\/\" target=\"_blank\" rel=\"noopener noreferrer\">https:\/\/hotelvillavolgy.hu\/<\/a><\/p>\n<p><a href=\"https:\/\/www.szalajkaliget.hu\/\" target=\"_blank\" rel=\"noopener noreferrer\">https:\/\/www.szalajkaliget.hu\/<\/a><\/p>\n<p><a href=\"https:\/\/erzsebetparkhotel.hu\/\" target=\"_blank\" rel=\"noopener noreferrer\">https:\/\/erzsebetparkhotel.hu\/<\/a><\/p>\n<p><a href=\"http:\/\/www.hoteldelibab.hu\/\" target=\"_blank\" rel=\"noopener noreferrer\">http:\/\/www.hoteldelibab.hu\/<\/a><\/p>\n<p><a href=\"http:\/\/www.lazarlovaspark.hu\/\" target=\"_blank\" rel=\"noopener noreferrer\">http:\/\/www.lazarlovaspark.hu\/<\/a><\/p>\n<p><a href=\"https:\/\/koronahotel.hu\/\" target=\"_blank\" rel=\"noopener noreferrer\">https:\/\/koronahotel.hu<\/a><\/p>\n<p><a href=\"http:\/\/www.koronaborhaz.hu\/\" target=\"_blank\" rel=\"noopener noreferrer\">http:\/\/www.koronaborhaz.hu\/<\/a><\/p>\n<p><a href=\"https:\/\/www.csobogoetterem.hu\/\" target=\"_blank\" rel=\"noopener noreferrer\">https:\/\/www.csobogoetterem.hu\/<\/a><\/p>\n<p><a href=\"http:\/\/dejavu-etterem.hu\/etlap-szerda\/\" target=\"_blank\" rel=\"noopener noreferrer\">http:\/\/dejavu-etterem.hu\/<\/a><\/p>\n<p><a href=\"http:\/\/www.leonardoclub.hu\/#!\/\" target=\"_blank\" rel=\"noopener noreferrer\">http:\/\/www.leonardoclub.hu\/#!\/<\/a><\/p>\n<p><a href=\"https:\/\/kodmoncsarda.hu\/\" target=\"_blank\" rel=\"noopener noreferrer\">https:\/\/kodmoncsarda.hu\/<\/a><\/p>\n<p><a href=\"http:\/\/www.bolykipinceszet.hu\/\" target=\"_blank\" rel=\"noopener noreferrer\">http:\/\/www.bolykipinceszet.hu<\/a><\/p>\n<p><a href=\"http:\/\/www.kulacscsarda.hu\/index.php?lang=hu\" target=\"_blank\" rel=\"noopener noreferrer\">http:\/\/www.kulacscsarda.hu\/index.php?lang=hu<\/a><\/p>\n<p><a href=\"http:\/\/udvaroscsarda.hu\/\" target=\"_blank\" rel=\"noopener noreferrer\">http:\/\/udvaroscsarda.hu\/<\/a><\/p>\n<p><a href=\"http:\/\/biboros.hu\/itallap.html\" target=\"_blank\" rel=\"noopener noreferrer\">http:\/\/biboros.hu\/itallap.html<\/a><\/p>\n<p><a href=\"http:\/\/www.grassi.hu\/\" target=\"_blank\" rel=\"noopener noreferrer\">http:\/\/www.grassi.hu\/<\/a><\/p>\n<p><a href=\"http:\/\/www.grofbuttler.hu\/\" target=\"_blank\" rel=\"noopener noreferrer\">http:\/\/www.grofbuttler.hu\/<\/a><\/p>\n<p><a href=\"http:\/\/www.feketefarm.hu\/\" target=\"_blank\" rel=\"noopener noreferrer\">http:\/\/www.feketefarm.hu\/<\/a><\/p>\n<p><a href=\"http:\/\/www.hotel-borostyan.hu\/index.php\/hu\/\" target=\"_blank\" rel=\"noopener noreferrer\">http:\/\/www.hotel-borostyan.hu\/index.php\/hu\/<\/a><\/p>\n<p><a href=\"http:\/\/www.matyusudvarhaz.hu\/hu\/\" target=\"_blank\" rel=\"noopener noreferrer\">http:\/\/www.matyusudvarhaz.hu\/hu\/<\/a><\/p>\n<p><a href=\"http:\/\/nyiregyhazivendeghaz.hu\/\" target=\"_blank\" rel=\"noopener noreferrer\">http:\/\/nyiregyhazivendeghaz.hu\/<\/a><\/p>\n<p><a href=\"http:\/\/www.feherszarvasetterem.hu\/\" target=\"_blank\" rel=\"noopener noreferrer\">http:\/\/www.feherszarvasetterem.hu\/<\/a><\/p>\n<p><a href=\"http:\/\/expresszetterem.freewb.hu\/\" target=\"_blank\" rel=\"noopener noreferrer\">http:\/\/expresszetterem.freewb.hu\/<\/a><\/p>\n<p><a href=\"http:\/\/eger.kiralypizza.com\/\" target=\"_blank\" rel=\"noopener noreferrer\">http:\/\/eger.kiralypizza.com\/<\/a><\/p>\n<p><a href=\"http:\/\/www.kemencecsarda.hu\/\" target=\"_blank\" rel=\"noopener noreferrer\">http:\/\/www.kemencecsarda.hu\/<\/a><\/p>\n<p><a href=\"https:\/\/www.hotelfured.hu\/\" target=\"_blank\" rel=\"noopener noreferrer\">https:\/\/www.hotelfured.hu\/<\/a><\/p>\n<h3><strong>B\u0171v\u00e9sz:<\/strong><\/h3>\n<p><a href=\"http:\/\/szabimagic.hu\/\" target=\"_blank\" rel=\"noopener noreferrer\">http:\/\/szabimagic.hu\/<\/a><\/p>\n<h3><strong>Showt\u00e1nc kokt\u00e9lok:<\/strong><\/h3>\n<p><a href=\"http:\/\/locachicas.com\/\" target=\"_blank\" rel=\"noopener noreferrer\">http:\/\/locachicas.com\/<\/a><\/p>\n<h3><strong>Fot\u00f3sok:<\/strong><\/h3>\n<p><a href=\"http:\/\/www.eskuvo-adrianfoto.hu\/\" target=\"_blank\" rel=\"noopener noreferrer\">http:\/\/www.eskuvo-adrianfoto.hu\/<\/a><\/p>\n<p><a href=\"http:\/\/jaksizoltan.hu\/\" target=\"_blank\" rel=\"noopener noreferrer\">http:\/\/jaksizoltan.hu\/<\/a><\/p>\n<p><a href=\"http:\/\/korsosviktor.hu\/\" target=\"_blank\" rel=\"noopener noreferrer\">http:\/\/korsosviktor.hu\/<\/a><\/p>\n<h3><strong>Video:<\/strong><\/h3>\n<p><a href=\"http:\/\/www.drone4u.hu\/\" target=\"_blank\" rel=\"noopener noreferrer\">http:\/\/www.drone4u.hu\/<\/a><\/p>\n<p><a href=\"http:\/\/www.bgstudio.hu\/\" target=\"_blank\" rel=\"noopener noreferrer\">http:\/\/www.bgstudio.hu<\/a><\/p>\n<p><a href=\"http:\/\/kelemen.r6.hu\/\" target=\"_blank\" rel=\"noopener noreferrer\">http:\/\/kelemen.r6.hu\/<\/a><\/p>\n<h3><strong>Rendezv\u00e9nyszervez\u00e9s:<\/strong><\/h3>\n<p><a href=\"http:\/\/www.undercontrol.hu\/szolgaltatasaink\/\" target=\"_blank\" rel=\"noopener noreferrer\">http:\/\/www.undercontrol.hu\/szolgaltatasaink\/<\/a><\/p>\n<p><a href=\"http:\/\/www.eqcongress.hu\/\" target=\"_blank\" rel=\"noopener noreferrer\">http:\/\/www.eqcongress.hu\/<\/a><\/p>\n<p><a href=\"http:\/\/www.effektivart.hu\/\" target=\"_blank\" rel=\"noopener noreferrer\">http:\/\/www.effektivart.hu\/<\/a><\/p>\n<p><a href=\"http:\/\/d-line.hu\/\" target=\"_blank\" rel=\"noopener noreferrer\">http:\/\/d-line.hu\/<\/a><\/p>\n<p><a href=\"http:\/\/ww.marsizsolt.hu\/\" target=\"_blank\" rel=\"noopener noreferrer\">ww.marsizsolt.hu<\/a><\/p>\n<h3><strong>V\u0151f\u00e9ly, cerem\u00f3niamester:<\/strong><\/h3>\n<p><a href=\"http:\/\/marko_andras.lakodalomba.hu\/\" target=\"_blank\" rel=\"noopener noreferrer\">http:\/\/marko_andras.lakodalomba.hu\/<\/a><\/p>\n<p><a href=\"http:\/\/ujhelyi_istvan.lakodalomba.hu\/\" target=\"_blank\" rel=\"noopener noreferrer\">http:\/\/ujhelyi_istvan.lakodalomba.hu\/<\/a><\/p>\n<p><a href=\"http:\/\/hollo_csaba.lakodalomba.hu\/\" target=\"_blank\" rel=\"noopener noreferrer\">http:\/\/hollo_csaba.lakodalomba.hu\/<\/a><\/p>\n<h3><strong>Hangos\u00edt\u00e1s f\u00e9nytechnika:<\/strong><\/h3>\n<p><a href=\"http:\/\/vargaudio.hu\/\" target=\"_blank\" rel=\"noopener noreferrer\">http:\/\/vargaudio.hu<\/a><\/p>\n<p><a href=\"http:\/\/www.gaboraudio.hu\/\" target=\"_blank\" rel=\"noopener noreferrer\">http:\/\/www.gaboraudio.hu\/<\/a><\/p>\n<h3><strong>Egy\u00e9b partnerek:<\/strong><\/h3>\n<p><a href=\"https:\/\/www.uni-eszterhazy.hu\/\" target=\"_blank\" rel=\"noopener noreferrer\">https:\/\/www.uni-eszterhazy.hu\/<\/a><\/p>\n<p><a href=\"http:\/\/www.hevestherm.hu\/hu\/index.html\" target=\"_blank\" rel=\"noopener noreferrer\">http:\/\/www.hevestherm.hu\/hu\/index.html<\/a><\/p>\n<p><a href=\"http:\/\/www.hevesmeat.hu\/\" target=\"_blank\" rel=\"noopener noreferrer\">http:\/\/www.hevesmeat.hu\/<\/a><\/p>\n<p><a href=\"https:\/\/www.nestle.hu\/\" target=\"_blank\" rel=\"noopener noreferrer\">https:\/\/www.nestle.hu\/<\/a><\/p>\n<p><a href=\"https:\/\/www.mkb.hu\/lakossagi\" target=\"_blank\" rel=\"noopener noreferrer\">https:\/\/www.mkb.hu\/<\/a><\/p>\n<p><a href=\"http:\/\/agriamerci.hu\/\" target=\"_blank\" rel=\"noopener noreferrer\">http:\/\/agriamerci.hu\/<\/a><\/p>\n<p><a href=\"http:\/\/dzsauto.hu\/\" target=\"_blank\" rel=\"noopener noreferrer\">http:\/\/dzsauto.hu\/<\/a><\/p>\n<p><a href=\"http:\/\/www.dftuning.hu\/elerhetoseg.htm\" target=\"_blank\" rel=\"noopener noreferrer\">http:\/\/www.dftuning.hu\/elerhetoseg.htm<\/a><\/p>\n<p><a href=\"http:\/\/nagykunhus.hu\/\" target=\"_blank\" rel=\"noopener noreferrer\">http:\/\/nagykunhus.hu\/<\/a><\/p>\n<p><a href=\"http:\/\/kkkft.hu\/\" target=\"_blank\" rel=\"noopener noreferrer\">http:\/\/kkkft.hu\/<\/a><\/p>\n<p>Csan\u00e1losi Color Gener\u00e1l Eger<\/p>\n<p><a href=\"http:\/\/www.feba2000.hu\/\" target=\"_blank\" rel=\"noopener noreferrer\">http:\/\/www.feba2000.hu\/<\/a><\/p>\n<p><a href=\"http:\/\/www.polifarbe.hu\/\" target=\"_blank\" rel=\"noopener noreferrer\">http:\/\/www.polifarbe.hu\/<\/a><\/p>\n<p><a href=\"http:\/\/peakston.hu\/\" target=\"_blank\" rel=\"noopener noreferrer\">http:\/\/peakston.hu\/<\/a><\/p>\n<p><a href=\"https:\/\/www.teletal.hu\/\" target=\"_blank\" rel=\"noopener noreferrer\">https:\/\/www.teletal.hu\/<\/a><\/p>\n<p><a href=\"https:\/\/www.update1.hu\/\" target=\"_blank\" rel=\"noopener noreferrer\">https:\/\/www.update1.hu\/<\/a><\/p>\n<p><a href=\"https:\/\/www.e-food.hu\/\" target=\"_blank\" rel=\"noopener noreferrer\">https:\/\/www.e-food.hu\/<\/a><\/p>\n<p><a href=\"http:\/\/pt.hu\/\" target=\"_blank\" rel=\"noopener noreferrer\">http:\/\/pt.hu\/<\/a><\/p>\n<p><a href=\"https:\/\/www.friotech.hu\/\" target=\"_blank\" rel=\"noopener noreferrer\">https:\/\/www.friotech.hu\/<\/a><\/p>\n<p>Komplex Clear \u00c1ltal\u00e1nos Takar\u00edt\u00f3 \u00e9s \u00fczemeltet\u0151 KFT<\/p>\n<p><a href=\"http:\/\/www.radir.hu\/\" target=\"_blank\" rel=\"noopener noreferrer\">http:\/\/www.radir.hu\/<\/a><\/p>\n","protected":false},"excerpt":{"rendered":"<p>Partnerek T\u00e1rhely szolg\u00e1ltat\u00f3: https:\/\/nshosting.hu Sz\u00e1ll\u00e1shelyek, \u00e9ttermek: https:\/\/bambara.hu\/hu https:\/\/shiraz.hu\/hu http:\/\/padrinopizza.hu\/ http:\/\/www.imolaplatan.hu\/hotel.html http:\/\/hotelegerpark.hu\/web\/ http:\/\/m.salirisresort.hu\/ https:\/\/hotelvillavolgy.hu\/ https:\/\/www.szalajkaliget.hu\/ https:\/\/erzsebetparkhotel.hu\/ http:\/\/www.hoteldelibab.hu\/ http:\/\/www.lazarlovaspark.hu\/ https:\/\/koronahotel.hu http:\/\/www.koronaborhaz.hu\/ https:\/\/www.csobogoetterem.hu\/ http:\/\/dejavu-etterem.hu\/ http:\/\/www.leonardoclub.hu\/#!\/ https:\/\/kodmoncsarda.hu\/ http:\/\/www.bolykipinceszet.hu http:\/\/www.kulacscsarda.hu\/index.php?lang=hu http:\/\/udvaroscsarda.hu\/ http:\/\/biboros.hu\/itallap.html http:\/\/www.grassi.hu\/ http:\/\/www.grofbuttler.hu\/ http:\/\/www.feketefarm.hu\/&#8230;<\/p>\n","protected":false},"author":2,"featured_media":0,"parent":0,"menu_order":0,"comment_status":"closed","ping_status":"closed","template":"","meta":{"_mi_skip_tracking":false,"_exactmetrics_sitenote_active":false,"_exactmetrics_sitenote_note":"","_exactmetrics_sitenote_category":0,"footnotes":""},"_links":{"self":[{"href":"https:\/\/djbartazsolt.hu\/index.php?rest_route=\/wp\/v2\/pages\/139"}],"collection":[{"href":"https:\/\/djbartazsolt.hu\/index.php?rest_route=\/wp\/v2\/pages"}],"about":[{"href":"https:\/\/djbartazsolt.hu\/index.php?rest_route=\/wp\/v2\/types\/page"}],"author":[{"embeddable":true,"href":"https:\/\/djbartazsolt.hu\/index.php?rest_route=\/wp\/v2\/users\/2"}],"replies":[{"embeddable":true,"href":"https:\/\/djbartazsolt.hu\/index.php?rest_route=%2Fwp%2Fv2%2Fcomments&post=139"}],"version-history":[{"count":2,"href":"https:\/\/djbartazsolt.hu\/index.php?rest_route=\/wp\/v2\/pages\/139\/revisions"}],"predecessor-version":[{"id":184,"href":"https:\/\/djbartazsolt.hu\/index.php?rest_route=\/wp\/v2\/pages\/139\/revisions\/184"}],"wp:attachment":[{"href":"https:\/\/djbartazsolt.hu\/index.php?rest_route=%2Fwp%2Fv2%2Fmedia&parent=139"}],"curies":[{"name":"wp","href":"https:\/\/api.w.org\/{rel}","templated":true}]}}