{"id":2,"date":"2017-08-10T15:48:58","date_gmt":"2017-08-10T15:48:58","guid":{"rendered":"http:\/\/djbartazsolt.hu\/?page_id=2"},"modified":"2023-09-27T15:25:49","modified_gmt":"2023-09-27T15:25:49","slug":"ez-egy-minta-oldal","status":"publish","type":"page","link":"https:\/\/djbartazsolt.hu\/","title":{"rendered":"Kezd\u0151lap"},"content":{"rendered":"[vc_column][vc_column_text css=&#8221;.vc_custom_1508676075444{margin-bottom: 0px !important;}&#8221;]\n<h1><em>Kedves \u00e9rdekl\u0151d\u0151!<\/em><\/h1>\n<h2><em>Szeretettel k\u00f6sz\u00f6nt\u00f6m a honlapomon!<\/em><\/h2>\n<div>\n<h2><em>Barta Zsolt vagyok dj-k\u00e9nt, zongoristak\u00e9nt , cerem\u00f3niamesterk\u00e9nt dolgozom t\u00f6bb mint 20 \u00e9ves tapasztalattal.<\/em><\/h2>\n<h2><em>Els\u0151dleges szempont sz\u00e1momra a megrendel\u0151 ig\u00e9nyeinek megfelel\u0151 hangmin\u0151s\u00e9g, l\u00e1tv\u00e1ny \u00e9s hangulat kialak\u00edt\u00e1sa, a szitu\u00e1ci\u00f3nak megfelel\u0151 hanger\u0151vel \u00e9s zenei st\u00edlussal.<\/em><\/h2>\n<\/div>\n[\/vc_column_text][\/vc_column][vc_row full_width=&#8221;stretch_row_content_no_spaces&#8221; full_height=&#8221;yes&#8221; css=&#8221;.vc_custom_1507477070918{margin-top: 0px !important;}&#8221;][vc_column][vc_column_text]\n<h1>Party DJ<\/h1>\n[\/vc_column_text][vc_empty_space height=&#8221;400&#8243; css=&#8221;.vc_custom_1504029877480{background-image: url(https:\/\/djbartazsolt.hu\/wp-content\/uploads\/2017\/08\/party-dj.-1.jpg?id=52) !important;background-position: center !important;background-repeat: no-repeat !important;background-size: cover !important;}&#8221;][vc_column_text]\n<h4><em>Megtisztel\u0151, ugyanakkor felel\u0151ss\u00e9gteljes feladat egy zen\u00e9s est lebonyol\u00edt\u00e1sa, legyen vev\u0151tal\u00e1lkoz\u00f3, g\u00f3lyat\u00e1bor z\u00e1r\u00f3buli, sz\u00fclet\u00e9snap, esetleg egy sportesem\u00e9ny g\u00e1lavacsor\u00e1ja.<\/em><\/h4>\n<h4><em>A legt\u00f6bb esetben elt\u00e9r\u0151 kor\u00fa, \u00edzl\u00e9s\u0171, s\u0151t olykor m\u00e1s-m\u00e1s orsz\u00e1gokb\u00f3l \u00e9rkez\u0151 vend\u00e9geket kell sz\u00f3rakoztatni, t\u00e1ncparkettre invit\u00e1lni. Az odafigyel\u00e9s, rugalmass\u00e1g \u00e9s a tapasztalat meg szokta hozni a j\u00f3 hangulatot. Ha az els\u0151 dalra nem is siker\u00fcl, addig v\u00e1logatok a zen\u00e9k k\u00f6z\u00f6tt m\u00edg buli nem lesz .<\/em><\/h4>\n<h4><em>A felszolg\u00e1l\u00f3 koll\u00e9g\u00e1k \u00e1ltal\u00e1ban nem szeretnek, mert velem a buli napkelt\u00e9ig szokott tartani\ud83d\ude0e.<\/em><\/h4>\n<h4><em>P\u00e9ldak\u00e9peim a tenger\u00e9szgyalogosok:<\/em><\/h4>\n<h4><em>&#8222;Els\u0151nek \u00e9rkezem, utolj\u00e1ra t\u00e1vozom \u00e9s senkit nem hagyok h\u00e1tra&#8221; \ud83d\ude03\ud83d\ude07<\/em><\/h4>\n[\/vc_column_text][\/vc_column][\/vc_row][vc_row full_width=&#8221;stretch_row_content_no_spaces&#8221; full_height=&#8221;yes&#8221;][vc_column][vc_column_text]\n<h1>Esk\u00fcv\u0151i DJ<\/h1>\n[\/vc_column_text][vc_empty_space height=&#8221;600&#8243; css=&#8221;.vc_custom_1507475286831{background-image: url(https:\/\/djbartazsolt.hu\/wp-content\/uploads\/2017\/08\/eskuvo-1.jpg?id=38) !important;background-position: center !important;background-repeat: no-repeat !important;background-size: cover !important;}&#8221;][vc_column_text css=&#8221;.vc_custom_1508676236877{margin-top: 0px !important;margin-bottom: 0px !important;border-top-width: 0px !important;border-bottom-width: 0px !important;padding-top: 0px !important;padding-bottom: 0px !important;}&#8221;]\n<h4><em>Az esk\u00fcv\u0151 mindenki \u00e9let\u00e9ben egy egyed\u00fcl\u00e1ll\u00f3 nap. \u00c9n is \u00edgy k\u00e9sz\u00fcl\u00f6k r\u00e1, egyeztetve az ifj\u00fa p\u00e1rral a pontos r\u00e9szleteket, \u00fcgyelek\u00a0 a megfelel\u0151 helyen, a megfelel\u0151 technika \u00f6ssze\u00e1ll\u00edt\u00e1s\u00e1ra. Fontos sz\u00e1momra, hogy ha a cerem\u00f3niamesteri c\u00edmmel is megb\u00edznak. A komolyabb r\u00e9szekn\u00e9l, egyh\u00e1zi, polg\u00e1ri szertart\u00e1sokn\u00e1l a megfelel\u0151<\/em><br \/>\n<em>hangnemben ir\u00e1ny\u00edtsam a vend\u00e9geket. A partyhangulat l\u00e9trehoz\u00e1sa a legtesthez\u00e1ll\u00f3bb feladat sz\u00e1momra\u00a0megfelel\u0151 m\u00e9rt\u00e9k\u0171 konfer\u00e1l\u00e1ssal,\u00a0 t\u00e1nctan\u00edt\u00e1ssal ig\u00e9ny szerint anim\u00e1ci\u00f3s j\u00e1t\u00e9kokkal, cong\u00e1kkal, partykell\u00e9kekkel\u00a0teszem eml\u00e9kezetess\u00e9 a bulit.<\/em><\/h4>\n<h4><em>Szolg\u00e1ltat\u00e1saim esk\u00fcv\u0151k\u00f6n:<\/em><br \/>\n<em>&#8211; Dj szolg\u00e1ltat\u00e1s ( video Dj led tv-n videoklippek a zene k\u00f6zben)<\/em><br \/>\n<em>&#8211; Szertart\u00e1shangos\u00edt\u00e1s<\/em><br \/>\n<em>&#8211; Szabadt\u00e9ri zene, akkuml\u00e1toros<\/em><br \/>\n<em>&#8211; Hangfalr\u00f3l ( pld.utcai vonul\u00e1sn\u00e1l, szabadt\u00e9ri esm\u00e9nyekn\u00e9l<\/em><br \/>\n<em>ahol nincs \u00e1ramell\u00e1t\u00e1s)<\/em><br \/>\n<em>&#8211; Cerem\u00f3niamesteri tev\u00e9kenys\u00e9g<\/em><\/h4>\n[\/vc_column_text][\/vc_column][\/vc_row][vc_row full_width=&#8221;stretch_row_content_no_spaces&#8221; css=&#8221;.vc_custom_1507477228929{margin-top: 0px !important;margin-bottom: 0px !important;border-top-width: 0px !important;border-bottom-width: 0px !important;padding-top: 0px !important;padding-bottom: 0px !important;}&#8221;][vc_column][vc_column_text]\n<h1>Rendezv\u00e9nytechnika<\/h1>\n[\/vc_column_text][\/vc_column][vc_column width=&#8221;1\/3&#8243; css=&#8221;.vc_custom_1507477085110{margin-top: 0px !important;margin-bottom: 0px !important;}&#8221;][vc_single_image image=&#8221;80&#8243; img_size=&#8221;large&#8221;][\/vc_column][vc_column width=&#8221;1\/3&#8243; css=&#8221;.vc_custom_1507477090823{margin-top: 0px !important;margin-bottom: 0px !important;}&#8221;][vc_single_image image=&#8221;66&#8243; img_size=&#8221;large&#8221;][\/vc_column][vc_column width=&#8221;1\/3&#8243; css=&#8221;.vc_custom_1507477095624{margin-top: 0px !important;margin-bottom: 0px !important;}&#8221;][vc_single_image image=&#8221;64&#8243; img_size=&#8221;large&#8221;][\/vc_column][\/vc_row][vc_row full_width=&#8221;stretch_row_content_no_spaces&#8221; css=&#8221;.vc_custom_1507477228929{margin-top: 0px !important;margin-bottom: 0px !important;border-top-width: 0px !important;border-bottom-width: 0px !important;padding-top: 0px !important;padding-bottom: 0px !important;}&#8221;][vc_column][vc_column_text]\n<div id=\"rendezvenyhangositas\"><\/div>\n<h2>V\u00e1laszthat\u00f3 hangfalszoknya<\/h2>\n[\/vc_column_text][\/vc_column][\/vc_row][vc_row full_width=&#8221;stretch_row_content_no_spaces&#8221; css=&#8221;.vc_custom_1507477228929{margin-top: 0px !important;margin-bottom: 0px !important;border-top-width: 0px !important;border-bottom-width: 0px !important;padding-top: 0px !important;padding-bottom: 0px !important;}&#8221;][vc_column width=&#8221;1\/4&#8243;][vc_single_image image=&#8221;147&#8243; img_size=&#8221;medium&#8221; css=&#8221;.vc_custom_1524322802924{margin-left: 60px !important;}&#8221;][vc_column_text]\n<h4 style=\"text-align: center;\"><strong>feh\u00e9r<\/strong><\/h4>\n[\/vc_column_text][\/vc_column][vc_column width=&#8221;1\/4&#8243;][vc_single_image image=&#8221;145&#8243; img_size=&#8221;medium&#8221; css=&#8221;.vc_custom_1524322855118{margin-left: 60px !important;}&#8221;][vc_column_text]\n<h4 style=\"text-align: center;\"><strong>fekete<\/strong><\/h4>\n[\/vc_column_text][\/vc_column][vc_column width=&#8221;1\/4&#8243;][vc_single_image image=&#8221;148&#8243; img_size=&#8221;medium&#8221; css=&#8221;.vc_custom_1524322859812{margin-left: 60px !important;}&#8221;][vc_column_text]\n<h4 style=\"text-align: center;\"><strong>vil\u00e1gosbarna<\/strong><\/h4>\n[\/vc_column_text][\/vc_column][vc_column width=&#8221;1\/4&#8243;][vc_single_image image=&#8221;146&#8243; img_size=&#8221;medium&#8221; css=&#8221;.vc_custom_1524322865971{margin-left: 60px !important;}&#8221;][vc_column_text]\n<h4 style=\"text-align: center;\"><strong>afrikai<\/strong><\/h4>\n[\/vc_column_text][\/vc_column][\/vc_row][vc_row css=&#8221;.vc_custom_1507476867757{margin-top: 0px !important;}&#8221;][vc_column width=&#8221;1\/2&#8243; css=&#8221;.vc_custom_1507477102378{margin-top: 0px !important;margin-bottom: 0px !important;}&#8221;][vc_column_text]\n<blockquote>\n<div dir=\"ltr\">\n<blockquote>\n<div dir=\"ltr\">\n<h4><em><strong>Felszerel\u00e9s:<br \/>\n<\/strong><\/em><\/h4>\n<h4><em>Numark ns6 dj controller<br \/>\n<\/em><em>Numark ns7 dj controller<br \/>\n<\/em><em>Macbook Air 13&#8243; 2012.<br \/>\n<\/em><em>Macbook Pro 15&#8243; 2017.<\/em><\/h4>\n<h4><em><strong>Hangfalak:<br \/>\n<\/strong>1 db Denon Envoi<\/em><br \/>\n<em>2 db Mackie Sa1530z<\/em><br \/>\n<em>2 db Mackie Swa1501<\/em><br \/>\n<em>2 db Mackie Srm 450<\/em><br \/>\n<em>2 db Mackie Srm 350<br \/>\n4 db Electro voice zlx 15p<br \/>\n<\/em><\/h4>\n<h4><em><strong>Kever\u0151pult :<\/strong><\/em><br \/>\n<em>Dynacord cms 1000 zenekari<\/em><\/h4>\n<h4><em><strong>R\u00e1di\u00f3s mikrofonok:<\/strong><\/em><br \/>\n<em>Akg<\/em><br \/>\n<em>Sennheiser Ew 1000 g3 fejmikrofon<\/em><br \/>\n<em>Karaoke mikrofonok<\/em><\/h4>\n<\/div>\n<\/blockquote>\n<\/div>\n<\/blockquote>\n[\/vc_column_text][\/vc_column][vc_column width=&#8221;1\/2&#8243; css=&#8221;.vc_custom_1507477107419{margin-top: 0px !important;margin-bottom: 0px !important;}&#8221;][vc_column_text]\n<h4><em>\u00a0<\/em><\/h4>\n<h4><em>2 db 50&#8243; led tv<\/em><br \/>\n<em>Traverz \u00e1llv\u00e1nyok<\/em><\/h4>\n<h4><em><strong>F\u00e9nyek :<\/strong><\/em><br \/>\n<em>Chauvet kinta<\/em><br \/>\n<em>Chauvet dj clubmix 2.0<\/em><br \/>\n<em>Robotl\u00e1mp\u00e1k<\/em><br \/>\n<em>2 db solo 250<\/em><br \/>\n<em>Dmx vez\u00e9rl\u0151 Neo neon club 12 joy<\/em><br \/>\n<em>F\u00fcstg\u00e9p<\/em><br \/>\n<em>Chauvet dj hurricane 1300<\/em><\/h4>\n<h4><em><strong>Partykell\u00e9kek:<\/strong><\/em><br \/>\n<em>Cong\u00e1k<\/em><br \/>\n<em>Bongo<\/em><br \/>\n<em>Cs\u00f6rg\u00f6k<\/em><br \/>\n<em>Par\u00f3k\u00e1k<\/em><br \/>\n<em>F\u0171szokny\u00e1k<\/em><br \/>\n<em>M\u0171git\u00e1r<\/em><\/h4>\n[\/vc_column_text][\/vc_column][\/vc_row][vc_row full_width=&#8221;stretch_row_content_no_spaces&#8221; css=&#8221;.vc_custom_1507477228929{margin-top: 0px !important;margin-bottom: 0px !important;border-top-width: 0px !important;border-bottom-width: 0px !important;padding-top: 0px !important;padding-bottom: 0px !important;}&#8221;][vc_column][vc_column_text]\n<h1>Solo Piano<\/h1>\n[\/vc_column_text][\/vc_column][\/vc_row][vc_row][vc_column width=&#8221;1\/2&#8243;][vc_video link=&#8221;https:\/\/www.youtube.com\/watch?v=QihkQjZwPgo&#8221;][vc_video link=&#8221;https:\/\/www.youtube.com\/watch?v=9vN1QOh1c9s&#8221;][vc_video link=&#8221;https:\/\/youtu.be\/IYbLp57WCGc&#8221;][\/vc_column][vc_column width=&#8221;1\/2&#8243;][vc_video link=&#8221;https:\/\/www.youtube.com\/watch?v=nZ1BV1IYqzw&#8221; el_width=&#8221;80&#8243;][vc_video link=&#8221;https:\/\/youtu.be\/aspTEbjQ13U&#8221; el_width=&#8221;80&#8243;][\/vc_column][\/vc_row][vc_column][vc_column_text]\n<h1>Kapcsolat<\/h1>\n<h2><strong>Telefonsz\u00e1m: +36 30 598 8022<\/strong><\/h2>\n<h2><strong>E-mail: djbartazsolti73 [kukac] gmail.com<\/strong><\/h2>\n","protected":false},"excerpt":{"rendered":"<p>[vc_column][vc_column_text css=&#8221;.vc_custom_1508676075444{margin-bottom: 0px !important;}&#8221;] Kedves \u00e9rdekl\u0151d\u0151! Szeretettel k\u00f6sz\u00f6nt\u00f6m a honlapomon! Barta Zsolt vagyok dj-k\u00e9nt, zongoristak\u00e9nt , cerem\u00f3niamesterk\u00e9nt dolgozom t\u00f6bb mint 20 \u00e9ves tapasztalattal. Els\u0151dleges szempont sz\u00e1momra a megrendel\u0151 ig\u00e9nyeinek megfelel\u0151&#8230;<\/p>\n","protected":false},"author":2,"featured_media":0,"parent":0,"menu_order":0,"comment_status":"closed","ping_status":"open","template":"template-home-4.php","meta":{"_mi_skip_tracking":false,"_exactmetrics_sitenote_active":false,"_exactmetrics_sitenote_note":"","_exactmetrics_sitenote_category":0,"footnotes":""},"_links":{"self":[{"href":"https:\/\/djbartazsolt.hu\/index.php?rest_route=\/wp\/v2\/pages\/2"}],"collection":[{"href":"https:\/\/djbartazsolt.hu\/index.php?rest_route=\/wp\/v2\/pages"}],"about":[{"href":"https:\/\/djbartazsolt.hu\/index.php?rest_route=\/wp\/v2\/types\/page"}],"author":[{"embeddable":true,"href":"https:\/\/djbartazsolt.hu\/index.php?rest_route=\/wp\/v2\/users\/2"}],"replies":[{"embeddable":true,"href":"https:\/\/djbartazsolt.hu\/index.php?rest_route=%2Fwp%2Fv2%2Fcomments&post=2"}],"version-history":[{"count":21,"href":"https:\/\/djbartazsolt.hu\/index.php?rest_route=\/wp\/v2\/pages\/2\/revisions"}],"predecessor-version":[{"id":218,"href":"https:\/\/djbartazsolt.hu\/index.php?rest_route=\/wp\/v2\/pages\/2\/revisions\/218"}],"wp:attachment":[{"href":"https:\/\/djbartazsolt.hu\/index.php?rest_route=%2Fwp%2Fv2%2Fmedia&parent=2"}],"curies":[{"name":"wp","href":"https:\/\/api.w.org\/{rel}","templated":true}]}}